{"id":1590,"date":"2022-05-03T15:37:54","date_gmt":"2022-05-03T15:37:54","guid":{"rendered":"http:\/\/pabloandressancheznovoa.com\/?page_id=1590"},"modified":"2022-05-09T20:46:24","modified_gmt":"2022-05-09T20:46:24","slug":"1590-2","status":"publish","type":"page","link":"https:\/\/pabloandressancheznovoa.com\/index.php\/1590-2\/","title":{"rendered":"Blog"},"content":{"rendered":"\t\t<div data-elementor-type=\"wp-page\" data-elementor-id=\"1590\" class=\"elementor elementor-1590\">\n\t\t\t\t\t\t\t\t\t<section class=\"elementor-section elementor-top-section elementor-element elementor-element-211ba3bd elementor-section-boxed elementor-section-height-default elementor-section-height-default\" data-id=\"211ba3bd\" data-element_type=\"section\">\n\t\t\t\t\t\t<div class=\"elementor-container elementor-column-gap-default\">\n\t\t\t\t\t<div class=\"elementor-column elementor-col-100 elementor-top-column elementor-element elementor-element-679151dd\" data-id=\"679151dd\" data-element_type=\"column\">\n\t\t\t<div class=\"elementor-widget-wrap elementor-element-populated\">\n\t\t\t\t\t\t\t\t<div class=\"elementor-element elementor-element-42c90acb elementor-widget elementor-widget-text-editor\" data-id=\"42c90acb\" data-element_type=\"widget\" data-widget_type=\"text-editor.default\">\n\t\t\t\t<div class=\"elementor-widget-container\">\n\t\t\t<style>\/*! elementor - v3.6.5 - 27-04-2022 *\/\n.elementor-widget-text-editor.elementor-drop-cap-view-stacked .elementor-drop-cap{background-color:#818a91;color:#fff}.elementor-widget-text-editor.elementor-drop-cap-view-framed .elementor-drop-cap{color:#818a91;border:3px solid;background-color:transparent}.elementor-widget-text-editor:not(.elementor-drop-cap-view-default) .elementor-drop-cap{margin-top:8px}.elementor-widget-text-editor:not(.elementor-drop-cap-view-default) .elementor-drop-cap-letter{width:1em;height:1em}.elementor-widget-text-editor .elementor-drop-cap{float:left;text-align:center;line-height:1;font-size:50px}.elementor-widget-text-editor .elementor-drop-cap-letter{display:inline-block}<\/style>\t\t\t\t<p><style>\/*! elementor - v3.6.2 - 04-04-2022 *\/<br \/>.elementor-heading-title{padding:0;margin:0;line-height:1}.elementor-widget-heading .elementor-heading-title[class*=elementor-size-]>a{color:inherit;font-size:inherit;line-height:inherit}.elementor-widget-heading .elementor-heading-title.elementor-size-small{font-size:15px}.elementor-widget-heading .elementor-heading-title.elementor-size-medium{font-size:19px}.elementor-widget-heading .elementor-heading-title.elementor-size-large{font-size:29px}.elementor-widget-heading .elementor-heading-title.elementor-size-xl{font-size:39px}.elementor-widget-heading .elementor-heading-title.elementor-size-xxl{font-size:59px}<\/style><\/p><h2>\u00a0<\/h2><p><!-- wp:columns --><\/p><div class=\"wp-block-columns\"><p><!-- wp:column {\"width\":\"33.34%\"} --><\/p><div class=\"wp-block-column\" style=\"flex-basis: 33.34%;\"><!-- wp:post-featured-image \/--><\/div><div class=\"wp-block-column\" style=\"flex-basis: 33.33%;\">\u00a0<\/div><\/div>            <div id=\"post-grid-lazy-1626\" class=\"post-grid-lazy\"><img decoding=\"async\" alt=\"\" src=\"\"\/><\/div>\r\n        <script>\r\n            jQuery('#post-grid-lazy-1626').ready(function($){\r\n                $('#post-grid-lazy-1626').fadeOut();\r\n                $('#post-grid-1626').fadeIn();\r\n            })\r\n        <\/script>\r\n        <style type=\"text\/css\">\r\n            #post-grid-1626{display: none;}\r\n            .post-grid-lazy{\r\n                text-align: center;\r\n            }\r\n        <\/style>\r\n            <div data-options='{&quot;id&quot;:&quot;1626&quot;,&quot;lazy_load&quot;:&quot;yes&quot;,&quot;masonry_enable&quot;:&quot;no&quot;,&quot;view_type&quot;:&quot;grid&quot;}' id=\"post-grid-1626\" class=\"post-grid grid\">\r\n                <div class=\"grid-items\">\r\n            \r\n    <div class=\"item item-1692 skin flat even 0 \">\r\n                <div class=\"layer-wrapper layout-1633\">\r\n                <div class=\"layer-media element_1587187627902\" id=\"\">\r\n        <div class=\"element element_1587190790308  element-media \">\r\n        <a target=\"_self\" href=\"https:\/\/pabloandressancheznovoa.com\/index.php\/2023\/02\/13\/bogota-logra-nuevos-recursos-de-regalias\/\"><img loading=\"lazy\" decoding=\"async\" width=\"694\" height=\"390\" src=\"https:\/\/pabloandressancheznovoa.com\/wp-content\/uploads\/2023\/02\/apropiacion-social-del-conocimiento-proyecto.jpg\" class=\"attachment-large size-large wp-post-image\" alt=\"\" srcset=\"https:\/\/pabloandressancheznovoa.com\/wp-content\/uploads\/2023\/02\/apropiacion-social-del-conocimiento-proyecto.jpg 694w, https:\/\/pabloandressancheznovoa.com\/wp-content\/uploads\/2023\/02\/apropiacion-social-del-conocimiento-proyecto-300x169.jpg 300w\" sizes=\"auto, (max-width: 694px) 100vw, 694px\" \/><\/a>\r\n\r\n    <\/div>\r\n        <\/div>\r\n        <div class=\"layer-content element_1587187714568\" id=\"\">\r\n        <div class=\"element element_1587187895341  title \">\r\n                    <a target=\"_blank\" href=\"https:\/\/pabloandressancheznovoa.com\/index.php\/2023\/02\/13\/bogota-logra-nuevos-recursos-de-regalias\/\">Bogot\u00e1 logra nueva aprobaci\u00f3n de recursos de regal\u00edas para el sector de la salud &#8211; Apropiaci\u00f3n Social del Conocimiento.<\/a>\r\n\r\n\t\t\r\n\r\n    <\/div>\r\n        <div class=\"element element_1587187729822  excerpt \">\r\n        El proyecto establecimiento de un programa de apropiaci\u00f3n social del conocimiento (ASC) para la construcci\u00f3n de una cultura cient\u00edfica en                    <a target=\"_self\" href=\"https:\/\/pabloandressancheznovoa.com\/index.php\/2023\/02\/13\/bogota-logra-nuevos-recursos-de-regalias\/\">Leer m\u00e1s<\/a>\r\n            <\/div>\r\n        <\/div>\r\n            <\/div>\r\n    <\/div>\r\n    \r\n    <div class=\"item item-1665 skin flat odd 1 \">\r\n                <div class=\"layer-wrapper layout-1633\">\r\n                <div class=\"layer-media element_1587187627902\" id=\"\">\r\n        <div class=\"element element_1587190790308  element-media \">\r\n        <a target=\"_self\" href=\"https:\/\/pabloandressancheznovoa.com\/index.php\/2022\/09\/15\/primer-simposio-nacional-de-ciencia-al-servicio-de-la-sociedad-del-laboratorio-a-las-comunidades\/\"><img loading=\"lazy\" decoding=\"async\" width=\"1024\" height=\"682\" src=\"https:\/\/pabloandressancheznovoa.com\/wp-content\/uploads\/2022\/09\/WhatsApp-Image-2022-09-08-at-8.31.23-PM-1024x682.jpeg\" class=\"attachment-large size-large wp-post-image\" alt=\"\" srcset=\"https:\/\/pabloandressancheznovoa.com\/wp-content\/uploads\/2022\/09\/WhatsApp-Image-2022-09-08-at-8.31.23-PM-1024x682.jpeg 1024w, https:\/\/pabloandressancheznovoa.com\/wp-content\/uploads\/2022\/09\/WhatsApp-Image-2022-09-08-at-8.31.23-PM-300x200.jpeg 300w, https:\/\/pabloandressancheznovoa.com\/wp-content\/uploads\/2022\/09\/WhatsApp-Image-2022-09-08-at-8.31.23-PM-768x512.jpeg 768w, https:\/\/pabloandressancheznovoa.com\/wp-content\/uploads\/2022\/09\/WhatsApp-Image-2022-09-08-at-8.31.23-PM-1536x1023.jpeg 1536w, https:\/\/pabloandressancheznovoa.com\/wp-content\/uploads\/2022\/09\/WhatsApp-Image-2022-09-08-at-8.31.23-PM.jpeg 1600w\" sizes=\"auto, (max-width: 1024px) 100vw, 1024px\" \/><\/a>\r\n\r\n    <\/div>\r\n        <\/div>\r\n        <div class=\"layer-content element_1587187714568\" id=\"\">\r\n        <div class=\"element element_1587187895341  title \">\r\n                    <a target=\"_blank\" href=\"https:\/\/pabloandressancheznovoa.com\/index.php\/2022\/09\/15\/primer-simposio-nacional-de-ciencia-al-servicio-de-la-sociedad-del-laboratorio-a-las-comunidades\/\">Primer Simposio Nacional de Ciencia al Servicio de la Sociedad, del Laboratorio a las Comunidades.<\/a>\r\n\r\n\t\t\r\n\r\n    <\/div>\r\n        <div class=\"element element_1587187729822  excerpt \">\r\n        En el mes de septiembre de 2022, creamos en co-construcci\u00f3n con Mikrogen Diagnostik y DSC Services el primer simposio nacional                    <a target=\"_self\" href=\"https:\/\/pabloandressancheznovoa.com\/index.php\/2022\/09\/15\/primer-simposio-nacional-de-ciencia-al-servicio-de-la-sociedad-del-laboratorio-a-las-comunidades\/\">Leer m\u00e1s<\/a>\r\n            <\/div>\r\n        <\/div>\r\n            <\/div>\r\n    <\/div>\r\n    \r\n    <div class=\"item item-1661 skin flat even 2 \">\r\n                <div class=\"layer-wrapper layout-1633\">\r\n                <div class=\"layer-media element_1587187627902\" id=\"\">\r\n        <div class=\"element element_1587190790308  element-media \">\r\n        <a target=\"_self\" href=\"https:\/\/pabloandressancheznovoa.com\/index.php\/2022\/05\/20\/podcast-signo-de-avance\/\"><img loading=\"lazy\" decoding=\"async\" width=\"770\" height=\"430\" src=\"https:\/\/pabloandressancheznovoa.com\/wp-content\/uploads\/2022\/05\/Podcast-signo-de-avance.jpg\" class=\"attachment-large size-large wp-post-image\" alt=\"\" srcset=\"https:\/\/pabloandressancheznovoa.com\/wp-content\/uploads\/2022\/05\/Podcast-signo-de-avance.jpg 770w, https:\/\/pabloandressancheznovoa.com\/wp-content\/uploads\/2022\/05\/Podcast-signo-de-avance-300x168.jpg 300w, https:\/\/pabloandressancheznovoa.com\/wp-content\/uploads\/2022\/05\/Podcast-signo-de-avance-768x429.jpg 768w\" sizes=\"auto, (max-width: 770px) 100vw, 770px\" \/><\/a>\r\n\r\n    <\/div>\r\n        <\/div>\r\n        <div class=\"layer-content element_1587187714568\" id=\"\">\r\n        <div class=\"element element_1587187895341  title \">\r\n                    <a target=\"_blank\" href=\"https:\/\/pabloandressancheznovoa.com\/index.php\/2022\/05\/20\/podcast-signo-de-avance\/\">Podcast Signo de Avance<\/a>\r\n\r\n\t\t\r\n\r\n    <\/div>\r\n        <div class=\"element element_1587187729822  excerpt \">\r\n        Desde Avanciencia se realiz\u00f3 un cap\u00edtulo de su podcast Signo De Avance para abordar el tema de la apropiaci\u00f3n social                    <a target=\"_self\" href=\"https:\/\/pabloandressancheznovoa.com\/index.php\/2022\/05\/20\/podcast-signo-de-avance\/\">Leer m\u00e1s<\/a>\r\n            <\/div>\r\n        <\/div>\r\n            <\/div>\r\n    <\/div>\r\n    \r\n    <div class=\"item item-1649 skin flat odd 3 \">\r\n                <div class=\"layer-wrapper layout-1633\">\r\n                <div class=\"layer-media element_1587187627902\" id=\"\">\r\n        <div class=\"element element_1587190790308  element-media \">\r\n        <a target=\"_self\" href=\"https:\/\/pabloandressancheznovoa.com\/index.php\/2022\/05\/09\/el-cafe-de-colombia-tiene-su-ciencia\/\"><img loading=\"lazy\" decoding=\"async\" width=\"259\" height=\"194\" src=\"https:\/\/pabloandressancheznovoa.com\/wp-content\/uploads\/2022\/05\/la-ciencia-del-cafe.jpg\" class=\"attachment-large size-large wp-post-image\" alt=\"\" \/><\/a>\r\n\r\n    <\/div>\r\n        <\/div>\r\n        <div class=\"layer-content element_1587187714568\" id=\"\">\r\n        <div class=\"element element_1587187895341  title \">\r\n                    <a target=\"_blank\" href=\"https:\/\/pabloandressancheznovoa.com\/index.php\/2022\/05\/09\/el-cafe-de-colombia-tiene-su-ciencia\/\">El caf\u00e9 de Colombia tiene su Ciencia<\/a>\r\n\r\n\t\t\r\n\r\n    <\/div>\r\n        <div class=\"element element_1587187729822  excerpt \">\r\n        Este reportaje muestra c\u00f3mo la investigaci\u00f3n cient\u00edfica colombiana, aport\u00f3 para obtener uno de los mejores caf\u00e9s del mundo.                    <a target=\"_self\" href=\"https:\/\/pabloandressancheznovoa.com\/index.php\/2022\/05\/09\/el-cafe-de-colombia-tiene-su-ciencia\/\">Leer m\u00e1s<\/a>\r\n            <\/div>\r\n        <\/div>\r\n            <\/div>\r\n    <\/div>\r\n    \r\n    <div class=\"item item-1617 skin flat even 4 \">\r\n                <div class=\"layer-wrapper layout-1633\">\r\n                <div class=\"layer-media element_1587187627902\" id=\"\">\r\n        <div class=\"element element_1587190790308  element-media \">\r\n        <a target=\"_self\" href=\"https:\/\/pabloandressancheznovoa.com\/index.php\/2022\/05\/09\/que-es-la-apropiacion-social-del-conocimiento\/\"><img loading=\"lazy\" decoding=\"async\" width=\"1024\" height=\"576\" src=\"https:\/\/pabloandressancheznovoa.com\/wp-content\/uploads\/2022\/05\/apropiacion-social-del-conocimiento-ocyt-1024x576.jpg\" class=\"attachment-large size-large wp-post-image\" alt=\"\" srcset=\"https:\/\/pabloandressancheznovoa.com\/wp-content\/uploads\/2022\/05\/apropiacion-social-del-conocimiento-ocyt-1024x576.jpg 1024w, https:\/\/pabloandressancheznovoa.com\/wp-content\/uploads\/2022\/05\/apropiacion-social-del-conocimiento-ocyt-300x169.jpg 300w, https:\/\/pabloandressancheznovoa.com\/wp-content\/uploads\/2022\/05\/apropiacion-social-del-conocimiento-ocyt-768x432.jpg 768w, https:\/\/pabloandressancheznovoa.com\/wp-content\/uploads\/2022\/05\/apropiacion-social-del-conocimiento-ocyt.jpg 1156w\" sizes=\"auto, (max-width: 1024px) 100vw, 1024px\" \/><\/a>\r\n\r\n    <\/div>\r\n        <\/div>\r\n        <div class=\"layer-content element_1587187714568\" id=\"\">\r\n        <div class=\"element element_1587187895341  title \">\r\n                    <a target=\"_blank\" href=\"https:\/\/pabloandressancheznovoa.com\/index.php\/2022\/05\/09\/que-es-la-apropiacion-social-del-conocimiento\/\">\u00bfQu\u00e9 es la Apropiaci\u00f3n Social del Conocimiento?<\/a>\r\n\r\n\t\t\r\n\r\n    <\/div>\r\n        <div class=\"element element_1587187729822  excerpt \">\r\n        entrevista para conocer qu\u00e9 es la apropiaci\u00f3n social del conocimiento                    <a target=\"_self\" href=\"https:\/\/pabloandressancheznovoa.com\/index.php\/2022\/05\/09\/que-es-la-apropiacion-social-del-conocimiento\/\">Leer m\u00e1s<\/a>\r\n            <\/div>\r\n        <\/div>\r\n            <\/div>\r\n    <\/div>\r\n    \r\n    <div class=\"item item-1599 skin flat odd 5 \">\r\n                <div class=\"layer-wrapper layout-1633\">\r\n                <div class=\"layer-media element_1587187627902\" id=\"\">\r\n        <div class=\"element element_1587190790308  element-media \">\r\n        <a target=\"_self\" href=\"https:\/\/pabloandressancheznovoa.com\/index.php\/2022\/05\/03\/elementor-1599\/\"><img loading=\"lazy\" decoding=\"async\" width=\"1024\" height=\"968\" src=\"https:\/\/pabloandressancheznovoa.com\/wp-content\/uploads\/2022\/05\/premiso-sets-1024x968.jpg\" class=\"attachment-large size-large wp-post-image\" alt=\"\" srcset=\"https:\/\/pabloandressancheznovoa.com\/wp-content\/uploads\/2022\/05\/premiso-sets-1024x968.jpg 1024w, https:\/\/pabloandressancheznovoa.com\/wp-content\/uploads\/2022\/05\/premiso-sets-300x284.jpg 300w, https:\/\/pabloandressancheznovoa.com\/wp-content\/uploads\/2022\/05\/premiso-sets-768x726.jpg 768w, https:\/\/pabloandressancheznovoa.com\/wp-content\/uploads\/2022\/05\/premiso-sets.jpg 1045w\" sizes=\"auto, (max-width: 1024px) 100vw, 1024px\" \/><\/a>\r\n\r\n    <\/div>\r\n        <\/div>\r\n        <div class=\"layer-content element_1587187714568\" id=\"\">\r\n        <div class=\"element element_1587187895341  title \">\r\n                    <a target=\"_blank\" href=\"https:\/\/pabloandressancheznovoa.com\/index.php\/2022\/05\/03\/elementor-1599\/\">Mejor Iniciativa Internacional y Promoci\u00f3n de la Donaci\u00f3n de Sangre 2021<\/a>\r\n\r\n\t\t\r\n\r\n    <\/div>\r\n        <div class=\"element element_1587187729822  excerpt \">\r\n        La Sociedad Espa\u00f1ola de Transfusi\u00f3n Sangu\u00ednea y Terapia Celular, SETS, otorg\u00f3 al Instituto Distrital de Ciencia, Biotecnolog\u00eda e Innovaci\u00f3n en                    <a target=\"_self\" href=\"https:\/\/pabloandressancheznovoa.com\/index.php\/2022\/05\/03\/elementor-1599\/\">Leer m\u00e1s<\/a>\r\n            <\/div>\r\n        <\/div>\r\n            <\/div>\r\n    <\/div>\r\n            <\/div>\r\n            <div class=\"pagination\">\r\n            <div class=\"paginate\">\r\n            <\/div>\r\n    <style type=\"text\/css\">\r\n        #post-grid-1626 .pagination .page-numbers{\r\n            font-size:16px;\r\n            color:#fff;\r\n            background:#646464;\r\n        }\r\n        #post-grid-1626 .pagination .page-numbers:hover,\r\n        #post-grid-1626 .pagination .page-numbers.current{\r\n            background:#4b4b4b;\r\n        }\r\n    <\/style>\r\n        <\/div>\r\n    <style type=\"text\/css\">\r\n.layout-1633 .element_1587187627902{\r\n}\r\n<\/style>\r\n    <style type=\"text\/css\">\r\n.layout-1633 .element_1587190790308{\r\n    overflow: hidden;\r\n}\r\n@media only screen and (min-width: 1024px ){\r\n    .layout-1633 .element_1587190790308{\r\n                height: auto;\r\n        }\r\n}\r\n@media only screen and ( min-width: 768px ) and ( max-width: 1023px ) {\r\n    .layout-1633 .element_1587190790308{\r\n            height: auto;\r\n        }\r\n}\r\n@media only screen and ( min-width: 0px ) and ( max-width: 767px ){\r\n    .layout-1633 .element_1587190790308{\r\n            height: auto;\r\n        }\r\n}\r\n<\/style>\r\n    <style type=\"text\/css\">\r\n.layout-1633 .element_1587187714568{\r\n    margin: 10px;\r\n}\r\n<\/style>\r\n    <style type=\"text\/css\">\r\n.layout-1633 .element_1587187895341{\r\n    font-size: 18px;\r\n    margin: 5px 0px;\r\n    text-align: left;\r\n}\r\n.layout-1633 .element_1587187895341 a{\r\n    font-size: 18px;\r\n}\r\n<\/style>\r\n    <style type=\"text\/css\">\r\n.layout-1633 .element_1587187729822{\r\n    font-size: 13px;\r\n    margin: 0px 0px;\r\n    text-align: left;\r\n}\r\n.layout-1633 .element_1587187729822 a{\r\n    font-size: 13px;\r\n}\r\n<\/style>\r\n        \r\n\r\n            <style type=\"text\/css\">\r\n            .layout-1633 a{text-decoration:none}.layout-1633{vertical-align:top}.layout-1633 .layer-content{padding:10px}        <\/style>\r\n        <script>\r\n            <\/script>\r\n        <style type=\"text\/css\">\r\n        #post-grid-1626 {\r\n                    padding:10px;\r\n                                        }\r\n        #post-grid-1626 .grid-items{\r\n                    text-align: center;\r\n                }\r\n        #post-grid-1626 .item{\r\n                    margin:10px;\r\n                            padding:0px;\r\n                            background:#fff;\r\n                }\r\n        #post-grid-1626  .item .layer-media{\r\n            height:auto;        }\r\n        @media only screen and ( min-width: 0px ) and ( max-width: 767px ) {\r\n\r\n            #post-grid-1626 .grid-items{\r\n                            columns: 1;\r\n                        }\r\n\r\n\r\n            #post-grid-1626 .item{\r\n                        height:auto;            }\r\n        }\r\n        @media only screen and ( min-width: 768px ) and ( max-width: 1023px ) {\r\n            #post-grid-1626 .grid-items{\r\n                            columns: 2;\r\n                        }\r\n\r\n            #post-grid-1626 .item{\r\n                        max-height:auto;            }\r\n        }\r\n        @media only screen and (min-width: 1024px ){\r\n\r\n            #post-grid-1626 .grid-items{\r\n                            columns: 3;\r\n                        }\r\n\r\n\r\n            #post-grid-1626 .item{\r\n                        height:auto;            }\r\n        }\r\n\r\n        \r\n\r\n    <\/style>\r\n        <\/div>\r\n    <p><!-- \/wp:code --><\/p>\t\t\t\t\t\t<\/div>\n\t\t\t\t<\/div>\n\t\t\t\t\t<\/div>\n\t\t<\/div>\n\t\t\t\t\t\t\t<\/div>\n\t\t<\/section>\n\t\t\t\t\t\t\t<\/div>\n\t\t","protected":false},"excerpt":{"rendered":"<p>\u00a0<\/p>\n","protected":false},"author":1,"featured_media":0,"parent":0,"menu_order":0,"comment_status":"closed","ping_status":"closed","template":"","meta":{"om_disable_all_campaigns":false,"_monsterinsights_skip_tracking":false,"_monsterinsights_sitenote_active":false,"_monsterinsights_sitenote_note":"","_monsterinsights_sitenote_category":0,"site-sidebar-layout":"default","site-content-layout":"default","ast-main-header-display":"","ast-hfb-above-header-display":"","ast-hfb-below-header-display":"","ast-hfb-mobile-header-display":"","site-post-title":"","ast-breadcrumbs-content":"","ast-featured-img":"","footer-sml-layout":"","theme-transparent-header-meta":"","adv-header-id-meta":"","stick-header-meta":"","header-above-stick-meta":"","header-main-stick-meta":"","header-below-stick-meta":"","footnotes":""},"class_list":["post-1590","page","type-page","status-publish","hentry"],"_links":{"self":[{"href":"https:\/\/pabloandressancheznovoa.com\/index.php\/wp-json\/wp\/v2\/pages\/1590","targetHints":{"allow":["GET"]}}],"collection":[{"href":"https:\/\/pabloandressancheznovoa.com\/index.php\/wp-json\/wp\/v2\/pages"}],"about":[{"href":"https:\/\/pabloandressancheznovoa.com\/index.php\/wp-json\/wp\/v2\/types\/page"}],"author":[{"embeddable":true,"href":"https:\/\/pabloandressancheznovoa.com\/index.php\/wp-json\/wp\/v2\/users\/1"}],"replies":[{"embeddable":true,"href":"https:\/\/pabloandressancheznovoa.com\/index.php\/wp-json\/wp\/v2\/comments?post=1590"}],"version-history":[{"count":14,"href":"https:\/\/pabloandressancheznovoa.com\/index.php\/wp-json\/wp\/v2\/pages\/1590\/revisions"}],"predecessor-version":[{"id":1639,"href":"https:\/\/pabloandressancheznovoa.com\/index.php\/wp-json\/wp\/v2\/pages\/1590\/revisions\/1639"}],"wp:attachment":[{"href":"https:\/\/pabloandressancheznovoa.com\/index.php\/wp-json\/wp\/v2\/media?parent=1590"}],"curies":[{"name":"wp","href":"https:\/\/api.w.org\/{rel}","templated":true}]}}