{"id":13,"date":"2021-02-02T08:23:02","date_gmt":"2021-02-02T08:23:02","guid":{"rendered":"http:\/\/pabloandressancheznovoa.com\/index.php\/portfolio\/"},"modified":"2022-05-05T20:02:23","modified_gmt":"2022-05-05T20:02:23","slug":"portfolio","status":"publish","type":"page","link":"https:\/\/pabloandressancheznovoa.com\/index.php\/portfolio\/","title":{"rendered":"Marketing Digital"},"content":{"rendered":"\t\t<div data-elementor-type=\"wp-page\" data-elementor-id=\"13\" class=\"elementor elementor-13\">\n\t\t\t\t\t\t\t\t\t<section class=\"elementor-section elementor-top-section elementor-element elementor-element-019dc77 elementor-section-height-min-height elementor-section-boxed elementor-section-height-default elementor-section-items-middle\" data-id=\"019dc77\" data-element_type=\"section\" data-settings=\"{&quot;background_background&quot;:&quot;classic&quot;}\">\n\t\t\t\t\t\t<div class=\"elementor-container elementor-column-gap-no\">\n\t\t\t\t\t<div class=\"elementor-column elementor-col-100 elementor-top-column elementor-element elementor-element-151803c\" data-id=\"151803c\" data-element_type=\"column\">\n\t\t\t<div class=\"elementor-widget-wrap elementor-element-populated\">\n\t\t\t\t\t\t\t\t<div class=\"elementor-element elementor-element-100b6e8 elementor-widget elementor-widget-heading\" data-id=\"100b6e8\" data-element_type=\"widget\" data-widget_type=\"heading.default\">\n\t\t\t\t<div class=\"elementor-widget-container\">\n\t\t\t<style>\/*! elementor - v3.6.5 - 27-04-2022 *\/\n.elementor-heading-title{padding:0;margin:0;line-height:1}.elementor-widget-heading .elementor-heading-title[class*=elementor-size-]>a{color:inherit;font-size:inherit;line-height:inherit}.elementor-widget-heading .elementor-heading-title.elementor-size-small{font-size:15px}.elementor-widget-heading .elementor-heading-title.elementor-size-medium{font-size:19px}.elementor-widget-heading .elementor-heading-title.elementor-size-large{font-size:29px}.elementor-widget-heading .elementor-heading-title.elementor-size-xl{font-size:39px}.elementor-widget-heading .elementor-heading-title.elementor-size-xxl{font-size:59px}<\/style><h2 class=\"elementor-heading-title elementor-size-default\">Marketing Digital <\/h2>\t\t<\/div>\n\t\t\t\t<\/div>\n\t\t\t\t<div class=\"elementor-element elementor-element-64f5341 elementor-widget-divider--view-line elementor-widget elementor-widget-divider\" data-id=\"64f5341\" data-element_type=\"widget\" data-widget_type=\"divider.default\">\n\t\t\t\t<div class=\"elementor-widget-container\">\n\t\t\t<style>\/*! elementor - v3.6.5 - 27-04-2022 *\/\n.elementor-widget-divider{--divider-border-style:none;--divider-border-width:1px;--divider-color:#2c2c2c;--divider-icon-size:20px;--divider-element-spacing:10px;--divider-pattern-height:24px;--divider-pattern-size:20px;--divider-pattern-url:none;--divider-pattern-repeat:repeat-x}.elementor-widget-divider .elementor-divider{display:-webkit-box;display:-ms-flexbox;display:flex}.elementor-widget-divider .elementor-divider__text{font-size:15px;line-height:1;max-width:95%}.elementor-widget-divider .elementor-divider__element{margin:0 var(--divider-element-spacing);-ms-flex-negative:0;flex-shrink:0}.elementor-widget-divider .elementor-icon{font-size:var(--divider-icon-size)}.elementor-widget-divider .elementor-divider-separator{display:-webkit-box;display:-ms-flexbox;display:flex;margin:0;direction:ltr}.elementor-widget-divider--view-line_icon .elementor-divider-separator,.elementor-widget-divider--view-line_text .elementor-divider-separator{-webkit-box-align:center;-ms-flex-align:center;align-items:center}.elementor-widget-divider--view-line_icon .elementor-divider-separator:after,.elementor-widget-divider--view-line_icon .elementor-divider-separator:before,.elementor-widget-divider--view-line_text .elementor-divider-separator:after,.elementor-widget-divider--view-line_text .elementor-divider-separator:before{display:block;content:\"\";border-bottom:0;-webkit-box-flex:1;-ms-flex-positive:1;flex-grow:1;border-top:var(--divider-border-width) var(--divider-border-style) var(--divider-color)}.elementor-widget-divider--element-align-left .elementor-divider .elementor-divider-separator>.elementor-divider__svg:first-of-type{-webkit-box-flex:0;-ms-flex-positive:0;flex-grow:0;-ms-flex-negative:100;flex-shrink:100}.elementor-widget-divider--element-align-left .elementor-divider-separator:before{content:none}.elementor-widget-divider--element-align-left .elementor-divider__element{margin-left:0}.elementor-widget-divider--element-align-right .elementor-divider .elementor-divider-separator>.elementor-divider__svg:last-of-type{-webkit-box-flex:0;-ms-flex-positive:0;flex-grow:0;-ms-flex-negative:100;flex-shrink:100}.elementor-widget-divider--element-align-right .elementor-divider-separator:after{content:none}.elementor-widget-divider--element-align-right .elementor-divider__element{margin-right:0}.elementor-widget-divider:not(.elementor-widget-divider--view-line_text):not(.elementor-widget-divider--view-line_icon) .elementor-divider-separator{border-top:var(--divider-border-width) var(--divider-border-style) var(--divider-color)}.elementor-widget-divider--separator-type-pattern{--divider-border-style:none}.elementor-widget-divider--separator-type-pattern.elementor-widget-divider--view-line .elementor-divider-separator,.elementor-widget-divider--separator-type-pattern:not(.elementor-widget-divider--view-line) .elementor-divider-separator:after,.elementor-widget-divider--separator-type-pattern:not(.elementor-widget-divider--view-line) .elementor-divider-separator:before,.elementor-widget-divider--separator-type-pattern:not([class*=elementor-widget-divider--view]) .elementor-divider-separator{width:100%;min-height:var(--divider-pattern-height);-webkit-mask-size:var(--divider-pattern-size) 100%;mask-size:var(--divider-pattern-size) 100%;-webkit-mask-repeat:var(--divider-pattern-repeat);mask-repeat:var(--divider-pattern-repeat);background-color:var(--divider-color);-webkit-mask-image:var(--divider-pattern-url);mask-image:var(--divider-pattern-url)}.elementor-widget-divider--no-spacing{--divider-pattern-size:auto}.elementor-widget-divider--bg-round{--divider-pattern-repeat:round}.rtl .elementor-widget-divider .elementor-divider__text{direction:rtl}<\/style>\t\t<div class=\"elementor-divider\">\n\t\t\t<span class=\"elementor-divider-separator\">\n\t\t\t\t\t\t<\/span>\n\t\t<\/div>\n\t\t\t\t<\/div>\n\t\t\t\t<\/div>\n\t\t\t\t\t<\/div>\n\t\t<\/div>\n\t\t\t\t\t\t\t<\/div>\n\t\t<\/section>\n\t\t\t\t<section class=\"elementor-section elementor-top-section elementor-element elementor-element-c3b44ca elementor-section-height-min-height elementor-section-boxed elementor-section-height-default elementor-section-items-middle\" data-id=\"c3b44ca\" data-element_type=\"section\" data-settings=\"{&quot;background_background&quot;:&quot;classic&quot;}\">\n\t\t\t\t\t\t<div class=\"elementor-container elementor-column-gap-no\">\n\t\t\t\t\t<div class=\"elementor-column elementor-col-100 elementor-top-column elementor-element elementor-element-26981b9\" data-id=\"26981b9\" data-element_type=\"column\">\n\t\t\t<div class=\"elementor-widget-wrap elementor-element-populated\">\n\t\t\t\t\t\t\t\t<div class=\"elementor-element elementor-element-8ba32f1 elementor-widget elementor-widget-heading\" data-id=\"8ba32f1\" data-element_type=\"widget\" data-widget_type=\"heading.default\">\n\t\t\t\t<div class=\"elementor-widget-container\">\n\t\t\t<h5 class=\"elementor-heading-title elementor-size-default\">Marketing Digital - di\u00e1logo entre expertos y ciudadanos<\/h5>\t\t<\/div>\n\t\t\t\t<\/div>\n\t\t\t\t<div class=\"elementor-element elementor-element-800b7fd elementor-widget elementor-widget-text-editor\" data-id=\"800b7fd\" data-element_type=\"widget\" data-widget_type=\"text-editor.default\">\n\t\t\t\t<div class=\"elementor-widget-container\">\n\t\t\t<style>\/*! elementor - v3.6.5 - 27-04-2022 *\/\n.elementor-widget-text-editor.elementor-drop-cap-view-stacked .elementor-drop-cap{background-color:#818a91;color:#fff}.elementor-widget-text-editor.elementor-drop-cap-view-framed .elementor-drop-cap{color:#818a91;border:3px solid;background-color:transparent}.elementor-widget-text-editor:not(.elementor-drop-cap-view-default) .elementor-drop-cap{margin-top:8px}.elementor-widget-text-editor:not(.elementor-drop-cap-view-default) .elementor-drop-cap-letter{width:1em;height:1em}.elementor-widget-text-editor .elementor-drop-cap{float:left;text-align:center;line-height:1;font-size:50px}.elementor-widget-text-editor .elementor-drop-cap-letter{display:inline-block}<\/style>\t\t\t\t<p>Creaci\u00f3n de campa\u00f1as de posicionamiento web para llevarla al offline para clientes como Rada Cassab, Centro Colombiano de Cirug\u00eda<br \/>Pl\u00e1stica, Biomet 3i Colombia, Marlon Becerra Suba, Satori IPS, Cl\u00ednica Nova, Mis Implantes, Enclosed Esparza, Bocanova, Dr. Guillermo Bernal,<br \/>Paffen Ciencia Dental y Alejandro Rada Cassab desde la agencia Motion Factory Studios.\u00a0<\/p><p>Dise\u00f1o de estrategia digital Colombia tiene su Ciencia de la ACAC y conceptualizaci\u00f3n del marketing digital para ser usado en comunicaci\u00f3n de la ciencia en campa\u00f1as de donaci\u00f3n de sangre, tejidos y c\u00e9lulas en el IDCBIS<\/p>\t\t\t\t\t\t<\/div>\n\t\t\t\t<\/div>\n\t\t\t\t<div class=\"elementor-element elementor-element-42673bf elementor-widget-divider--view-line elementor-widget elementor-widget-divider\" data-id=\"42673bf\" data-element_type=\"widget\" data-widget_type=\"divider.default\">\n\t\t\t\t<div class=\"elementor-widget-container\">\n\t\t\t\t\t<div class=\"elementor-divider\">\n\t\t\t<span class=\"elementor-divider-separator\">\n\t\t\t\t\t\t<\/span>\n\t\t<\/div>\n\t\t\t\t<\/div>\n\t\t\t\t<\/div>\n\t\t\t\t<section class=\"elementor-section elementor-inner-section elementor-element elementor-element-8699417 elementor-section-boxed elementor-section-height-default elementor-section-height-default\" data-id=\"8699417\" data-element_type=\"section\">\n\t\t\t\t\t\t<div class=\"elementor-container elementor-column-gap-no\">\n\t\t\t\t\t<div class=\"elementor-column elementor-col-50 elementor-inner-column elementor-element elementor-element-b3e0b88\" data-id=\"b3e0b88\" data-element_type=\"column\">\n\t\t\t<div class=\"elementor-widget-wrap elementor-element-populated\">\n\t\t\t\t\t\t\t\t<div class=\"elementor-element elementor-element-d46dfdc elementor-widget elementor-widget-image\" data-id=\"d46dfdc\" data-element_type=\"widget\" data-widget_type=\"image.default\">\n\t\t\t\t<div class=\"elementor-widget-container\">\n\t\t\t<style>\/*! elementor - v3.6.5 - 27-04-2022 *\/\n.elementor-widget-image{text-align:center}.elementor-widget-image a{display:inline-block}.elementor-widget-image a img[src$=\".svg\"]{width:48px}.elementor-widget-image img{vertical-align:middle;display:inline-block}<\/style>\t\t\t\t\t\t\t\t\t<figure class=\"wp-caption\">\n\t\t\t\t\t\t\t\t\t\t<img loading=\"lazy\" decoding=\"async\" width=\"766\" height=\"1020\" src=\"https:\/\/pabloandressancheznovoa.com\/wp-content\/uploads\/2022\/05\/Plantilla-Para-Poster-90X120-cm-v2-Pablo-Sanchez.pptx.jpg\" class=\"elementor-animation-float attachment-1536x1536 size-1536x1536\" alt=\"\" srcset=\"https:\/\/pabloandressancheznovoa.com\/wp-content\/uploads\/2022\/05\/Plantilla-Para-Poster-90X120-cm-v2-Pablo-Sanchez.pptx.jpg 766w, https:\/\/pabloandressancheznovoa.com\/wp-content\/uploads\/2022\/05\/Plantilla-Para-Poster-90X120-cm-v2-Pablo-Sanchez.pptx-225x300.jpg 225w\" sizes=\"auto, (max-width: 766px) 100vw, 766px\" \/>\t\t\t\t\t\t\t\t\t\t\t<figcaption class=\"widget-image-caption wp-caption-text\">Estrategia Digital DarC\u00e9lulas. Fuente: IDCBIS<\/figcaption>\n\t\t\t\t\t\t\t\t\t\t<\/figure>\n\t\t\t\t\t\t\t\t\t<\/div>\n\t\t\t\t<\/div>\n\t\t\t\t\t<\/div>\n\t\t<\/div>\n\t\t\t\t<div class=\"elementor-column elementor-col-50 elementor-inner-column elementor-element elementor-element-23837e8\" data-id=\"23837e8\" data-element_type=\"column\">\n\t\t\t<div class=\"elementor-widget-wrap elementor-element-populated\">\n\t\t\t\t\t\t\t\t<div class=\"elementor-element elementor-element-b942ec9 elementor-widget elementor-widget-image\" data-id=\"b942ec9\" data-element_type=\"widget\" data-widget_type=\"image.default\">\n\t\t\t\t<div class=\"elementor-widget-container\">\n\t\t\t\t\t\t\t\t\t\t\t\t<figure class=\"wp-caption\">\n\t\t\t\t\t\t\t\t\t\t<img loading=\"lazy\" decoding=\"async\" width=\"1024\" height=\"553\" src=\"https:\/\/pabloandressancheznovoa.com\/wp-content\/uploads\/2022\/05\/avanciencia-redes-1024x553.jpg\" class=\"elementor-animation-float attachment-large size-large\" alt=\"\" srcset=\"https:\/\/pabloandressancheznovoa.com\/wp-content\/uploads\/2022\/05\/avanciencia-redes-1024x553.jpg 1024w, https:\/\/pabloandressancheznovoa.com\/wp-content\/uploads\/2022\/05\/avanciencia-redes-300x162.jpg 300w, https:\/\/pabloandressancheznovoa.com\/wp-content\/uploads\/2022\/05\/avanciencia-redes-768x415.jpg 768w, https:\/\/pabloandressancheznovoa.com\/wp-content\/uploads\/2022\/05\/avanciencia-redes.jpg 1520w\" sizes=\"auto, (max-width: 1024px) 100vw, 1024px\" \/>\t\t\t\t\t\t\t\t\t\t\t<figcaption class=\"widget-image-caption wp-caption-text\">Estrategia digital Asociaci\u00f3n Colombiana para el Avance de la Ciencia - ACAC<\/figcaption>\n\t\t\t\t\t\t\t\t\t\t<\/figure>\n\t\t\t\t\t\t\t\t\t<\/div>\n\t\t\t\t<\/div>\n\t\t\t\t<div class=\"elementor-element elementor-element-8847082 elementor-widget elementor-widget-image\" data-id=\"8847082\" data-element_type=\"widget\" data-widget_type=\"image.default\">\n\t\t\t\t<div class=\"elementor-widget-container\">\n\t\t\t\t\t\t\t\t\t\t\t\t<figure class=\"wp-caption\">\n\t\t\t\t\t\t\t\t\t\t<img loading=\"lazy\" decoding=\"async\" width=\"1024\" height=\"480\" src=\"https:\/\/pabloandressancheznovoa.com\/wp-content\/uploads\/2022\/05\/Colombia-tiene-su-ciencia-redes-1024x480.jpg\" class=\"elementor-animation-float attachment-large size-large\" alt=\"\" srcset=\"https:\/\/pabloandressancheznovoa.com\/wp-content\/uploads\/2022\/05\/Colombia-tiene-su-ciencia-redes-1024x480.jpg 1024w, https:\/\/pabloandressancheznovoa.com\/wp-content\/uploads\/2022\/05\/Colombia-tiene-su-ciencia-redes-300x141.jpg 300w, https:\/\/pabloandressancheznovoa.com\/wp-content\/uploads\/2022\/05\/Colombia-tiene-su-ciencia-redes-768x360.jpg 768w, https:\/\/pabloandressancheznovoa.com\/wp-content\/uploads\/2022\/05\/Colombia-tiene-su-ciencia-redes-1536x720.jpg 1536w, https:\/\/pabloandressancheznovoa.com\/wp-content\/uploads\/2022\/05\/Colombia-tiene-su-ciencia-redes.jpg 1727w\" sizes=\"auto, (max-width: 1024px) 100vw, 1024px\" \/>\t\t\t\t\t\t\t\t\t\t\t<figcaption class=\"widget-image-caption wp-caption-text\">Estrategia Digital Colombia tiene su Ciencia - ACAC<\/figcaption>\n\t\t\t\t\t\t\t\t\t\t<\/figure>\n\t\t\t\t\t\t\t\t\t<\/div>\n\t\t\t\t<\/div>\n\t\t\t\t<div class=\"elementor-element elementor-element-a38b6f4 elementor-widget elementor-widget-image\" data-id=\"a38b6f4\" data-element_type=\"widget\" data-widget_type=\"image.default\">\n\t\t\t\t<div class=\"elementor-widget-container\">\n\t\t\t\t\t\t\t\t\t\t\t\t<figure class=\"wp-caption\">\n\t\t\t\t\t\t\t\t\t\t<img loading=\"lazy\" decoding=\"async\" width=\"1024\" height=\"313\" src=\"https:\/\/pabloandressancheznovoa.com\/wp-content\/uploads\/2022\/05\/dario-juris-1024x313.jpg\" class=\"elementor-animation-float attachment-large size-large\" alt=\"\" srcset=\"https:\/\/pabloandressancheznovoa.com\/wp-content\/uploads\/2022\/05\/dario-juris-1024x313.jpg 1024w, https:\/\/pabloandressancheznovoa.com\/wp-content\/uploads\/2022\/05\/dario-juris-300x92.jpg 300w, https:\/\/pabloandressancheznovoa.com\/wp-content\/uploads\/2022\/05\/dario-juris-768x235.jpg 768w, https:\/\/pabloandressancheznovoa.com\/wp-content\/uploads\/2022\/05\/dario-juris.jpg 1343w\" sizes=\"auto, (max-width: 1024px) 100vw, 1024px\" \/>\t\t\t\t\t\t\t\t\t\t\t<figcaption class=\"widget-image-caption wp-caption-text\">Campa\u00f1as ADS Facebook<\/figcaption>\n\t\t\t\t\t\t\t\t\t\t<\/figure>\n\t\t\t\t\t\t\t\t\t<\/div>\n\t\t\t\t<\/div>\n\t\t\t\t\t<\/div>\n\t\t<\/div>\n\t\t\t\t\t\t\t<\/div>\n\t\t<\/section>\n\t\t\t\t<section class=\"elementor-section elementor-inner-section elementor-element elementor-element-dc4d282 elementor-section-boxed elementor-section-height-default elementor-section-height-default\" data-id=\"dc4d282\" data-element_type=\"section\">\n\t\t\t\t\t\t<div class=\"elementor-container elementor-column-gap-no\">\n\t\t\t\t\t<div class=\"elementor-column elementor-col-33 elementor-inner-column elementor-element elementor-element-4f69a48\" data-id=\"4f69a48\" data-element_type=\"column\">\n\t\t\t<div class=\"elementor-widget-wrap elementor-element-populated\">\n\t\t\t\t\t\t\t\t<div class=\"elementor-element elementor-element-453171e elementor-widget elementor-widget-image\" data-id=\"453171e\" data-element_type=\"widget\" data-widget_type=\"image.default\">\n\t\t\t\t<div class=\"elementor-widget-container\">\n\t\t\t\t\t\t\t\t\t\t\t\t<figure class=\"wp-caption\">\n\t\t\t\t\t\t\t\t\t\t<img loading=\"lazy\" decoding=\"async\" width=\"923\" height=\"298\" src=\"https:\/\/pabloandressancheznovoa.com\/wp-content\/uploads\/2022\/05\/satori-redes.jpg\" class=\"elementor-animation-float attachment-large size-large\" alt=\"\" srcset=\"https:\/\/pabloandressancheznovoa.com\/wp-content\/uploads\/2022\/05\/satori-redes.jpg 923w, https:\/\/pabloandressancheznovoa.com\/wp-content\/uploads\/2022\/05\/satori-redes-300x97.jpg 300w, https:\/\/pabloandressancheznovoa.com\/wp-content\/uploads\/2022\/05\/satori-redes-768x248.jpg 768w\" sizes=\"auto, (max-width: 923px) 100vw, 923px\" \/>\t\t\t\t\t\t\t\t\t\t\t<figcaption class=\"widget-image-caption wp-caption-text\">Gesti\u00f3n de medios digitales<\/figcaption>\n\t\t\t\t\t\t\t\t\t\t<\/figure>\n\t\t\t\t\t\t\t\t\t<\/div>\n\t\t\t\t<\/div>\n\t\t\t\t\t<\/div>\n\t\t<\/div>\n\t\t\t\t<div class=\"elementor-column elementor-col-33 elementor-inner-column elementor-element elementor-element-e05505e\" data-id=\"e05505e\" data-element_type=\"column\">\n\t\t\t<div class=\"elementor-widget-wrap elementor-element-populated\">\n\t\t\t\t\t\t\t\t<div class=\"elementor-element elementor-element-f79a7b0 elementor-widget elementor-widget-image\" data-id=\"f79a7b0\" data-element_type=\"widget\" data-widget_type=\"image.default\">\n\t\t\t\t<div class=\"elementor-widget-container\">\n\t\t\t\t\t\t\t\t\t\t\t\t<figure class=\"wp-caption\">\n\t\t\t\t\t\t\t\t\t\t<img loading=\"lazy\" decoding=\"async\" width=\"1024\" height=\"541\" src=\"https:\/\/pabloandressancheznovoa.com\/wp-content\/uploads\/2022\/05\/mfs-1024x541.jpg\" class=\"elementor-animation-float attachment-large size-large\" alt=\"\" srcset=\"https:\/\/pabloandressancheznovoa.com\/wp-content\/uploads\/2022\/05\/mfs-1024x541.jpg 1024w, https:\/\/pabloandressancheznovoa.com\/wp-content\/uploads\/2022\/05\/mfs-300x158.jpg 300w, https:\/\/pabloandressancheznovoa.com\/wp-content\/uploads\/2022\/05\/mfs-768x405.jpg 768w, https:\/\/pabloandressancheznovoa.com\/wp-content\/uploads\/2022\/05\/mfs.jpg 1256w\" sizes=\"auto, (max-width: 1024px) 100vw, 1024px\" \/>\t\t\t\t\t\t\t\t\t\t\t<figcaption class=\"widget-image-caption wp-caption-text\">Agencia Motion Factory Studios - Diciembre 2011 - Noviembre 2014<\/figcaption>\n\t\t\t\t\t\t\t\t\t\t<\/figure>\n\t\t\t\t\t\t\t\t\t<\/div>\n\t\t\t\t<\/div>\n\t\t\t\t\t<\/div>\n\t\t<\/div>\n\t\t\t\t<div class=\"elementor-column elementor-col-33 elementor-inner-column elementor-element elementor-element-86a6116\" data-id=\"86a6116\" data-element_type=\"column\">\n\t\t\t<div class=\"elementor-widget-wrap elementor-element-populated\">\n\t\t\t\t\t\t\t\t<div class=\"elementor-element elementor-element-500c20d elementor-widget elementor-widget-image\" data-id=\"500c20d\" data-element_type=\"widget\" data-widget_type=\"image.default\">\n\t\t\t\t<div class=\"elementor-widget-container\">\n\t\t\t\t\t\t\t\t\t\t\t\t<figure class=\"wp-caption\">\n\t\t\t\t\t\t\t\t\t\t<img loading=\"lazy\" decoding=\"async\" width=\"1267\" height=\"807\" src=\"https:\/\/pabloandressancheznovoa.com\/wp-content\/uploads\/2022\/05\/idcbis-redes.jpg\" class=\"elementor-animation-float attachment-full size-full\" alt=\"\" srcset=\"https:\/\/pabloandressancheznovoa.com\/wp-content\/uploads\/2022\/05\/idcbis-redes.jpg 1267w, https:\/\/pabloandressancheznovoa.com\/wp-content\/uploads\/2022\/05\/idcbis-redes-300x191.jpg 300w, https:\/\/pabloandressancheznovoa.com\/wp-content\/uploads\/2022\/05\/idcbis-redes-1024x652.jpg 1024w, https:\/\/pabloandressancheznovoa.com\/wp-content\/uploads\/2022\/05\/idcbis-redes-768x489.jpg 768w\" sizes=\"auto, (max-width: 1267px) 100vw, 1267px\" \/>\t\t\t\t\t\t\t\t\t\t\t<figcaption class=\"widget-image-caption wp-caption-text\">Marketing Digital IDCBIS<\/figcaption>\n\t\t\t\t\t\t\t\t\t\t<\/figure>\n\t\t\t\t\t\t\t\t\t<\/div>\n\t\t\t\t<\/div>\n\t\t\t\t\t<\/div>\n\t\t<\/div>\n\t\t\t\t\t\t\t<\/div>\n\t\t<\/section>\n\t\t\t\t<section class=\"elementor-section elementor-inner-section elementor-element elementor-element-43ca934 elementor-section-boxed elementor-section-height-default elementor-section-height-default\" data-id=\"43ca934\" data-element_type=\"section\">\n\t\t\t\t\t\t<div class=\"elementor-container elementor-column-gap-no\">\n\t\t\t\t\t<div class=\"elementor-column elementor-col-50 elementor-inner-column elementor-element elementor-element-4a8cb85\" data-id=\"4a8cb85\" data-element_type=\"column\">\n\t\t\t<div class=\"elementor-widget-wrap elementor-element-populated\">\n\t\t\t\t\t\t\t\t<div class=\"elementor-element elementor-element-a8ca3b4 elementor-widget elementor-widget-image\" data-id=\"a8ca3b4\" data-element_type=\"widget\" data-widget_type=\"image.default\">\n\t\t\t\t<div class=\"elementor-widget-container\">\n\t\t\t\t\t\t\t\t\t\t\t\t<figure class=\"wp-caption\">\n\t\t\t\t\t\t\t\t\t\t<img loading=\"lazy\" decoding=\"async\" width=\"1024\" height=\"413\" src=\"https:\/\/pabloandressancheznovoa.com\/wp-content\/uploads\/2022\/05\/acpc-cambio-deimagen-1024x413.jpg\" class=\"attachment-large size-large\" alt=\"\" srcset=\"https:\/\/pabloandressancheznovoa.com\/wp-content\/uploads\/2022\/05\/acpc-cambio-deimagen-1024x413.jpg 1024w, https:\/\/pabloandressancheznovoa.com\/wp-content\/uploads\/2022\/05\/acpc-cambio-deimagen-300x121.jpg 300w, https:\/\/pabloandressancheznovoa.com\/wp-content\/uploads\/2022\/05\/acpc-cambio-deimagen-768x309.jpg 768w, https:\/\/pabloandressancheznovoa.com\/wp-content\/uploads\/2022\/05\/acpc-cambio-deimagen-1536x619.jpg 1536w, https:\/\/pabloandressancheznovoa.com\/wp-content\/uploads\/2022\/05\/acpc-cambio-deimagen.jpg 1899w\" sizes=\"auto, (max-width: 1024px) 100vw, 1024px\" \/>\t\t\t\t\t\t\t\t\t\t\t<figcaption class=\"widget-image-caption wp-caption-text\">Cambio de imagen Asociaci\u00f3n Colombiana de Periodismo y Comunicaci\u00f3n de la Ciencia  -ACPC<\/figcaption>\n\t\t\t\t\t\t\t\t\t\t<\/figure>\n\t\t\t\t\t\t\t\t\t<\/div>\n\t\t\t\t<\/div>\n\t\t\t\t\t<\/div>\n\t\t<\/div>\n\t\t\t\t<div class=\"elementor-column elementor-col-50 elementor-inner-column elementor-element elementor-element-67ce61e\" data-id=\"67ce61e\" data-element_type=\"column\">\n\t\t\t<div class=\"elementor-widget-wrap elementor-element-populated\">\n\t\t\t\t\t\t\t\t<div class=\"elementor-element elementor-element-6d0d3b3 elementor-widget elementor-widget-image\" data-id=\"6d0d3b3\" data-element_type=\"widget\" data-widget_type=\"image.default\">\n\t\t\t\t<div class=\"elementor-widget-container\">\n\t\t\t\t\t\t\t\t\t\t\t\t<figure class=\"wp-caption\">\n\t\t\t\t\t\t\t\t\t\t<img loading=\"lazy\" decoding=\"async\" width=\"625\" height=\"781\" src=\"https:\/\/pabloandressancheznovoa.com\/wp-content\/uploads\/2022\/05\/dar-celulas-redes.jpg\" class=\"elementor-animation-float attachment-large size-large\" alt=\"\" srcset=\"https:\/\/pabloandressancheznovoa.com\/wp-content\/uploads\/2022\/05\/dar-celulas-redes.jpg 625w, https:\/\/pabloandressancheznovoa.com\/wp-content\/uploads\/2022\/05\/dar-celulas-redes-240x300.jpg 240w\" sizes=\"auto, (max-width: 625px) 100vw, 625px\" \/>\t\t\t\t\t\t\t\t\t\t\t<figcaption class=\"widget-image-caption wp-caption-text\">Estrategia digital Dar C\u00e9lulas - IDCBIS<\/figcaption>\n\t\t\t\t\t\t\t\t\t\t<\/figure>\n\t\t\t\t\t\t\t\t\t<\/div>\n\t\t\t\t<\/div>\n\t\t\t\t\t<\/div>\n\t\t<\/div>\n\t\t\t\t\t\t\t<\/div>\n\t\t<\/section>\n\t\t\t\t\t<\/div>\n\t\t<\/div>\n\t\t\t\t\t\t\t<\/div>\n\t\t<\/section>\n\t\t\t\t\t\t\t<\/div>\n\t\t","protected":false},"excerpt":{"rendered":"<p>Marketing Digital Marketing Digital &#8211; di\u00e1logo entre expertos y ciudadanos Creaci\u00f3n de campa\u00f1as de posicionamiento web para llevarla al offline para clientes como Rada Cassab, Centro Colombiano de Cirug\u00eda Pl\u00e1stica, Biomet 3i Colombia, Marlon Becerra Suba, Satori IPS, Cl\u00ednica Nova, Mis Implantes, Enclosed Esparza, Bocanova, Dr. Guillermo Bernal, Paffen Ciencia Dental y Alejandro Rada Cassab &hellip;<\/p>\n<p class=\"read-more\"> <a class=\"\" href=\"https:\/\/pabloandressancheznovoa.com\/index.php\/portfolio\/\"> <span class=\"screen-reader-text\">Marketing Digital<\/span> Leer m\u00e1s &raquo;<\/a><\/p>\n","protected":false},"author":1,"featured_media":0,"parent":0,"menu_order":0,"comment_status":"closed","ping_status":"closed","template":"elementor_header_footer","meta":{"om_disable_all_campaigns":false,"_monsterinsights_skip_tracking":false,"_monsterinsights_sitenote_active":false,"_monsterinsights_sitenote_note":"","_monsterinsights_sitenote_category":0,"site-sidebar-layout":"no-sidebar","site-content-layout":"page-builder","ast-main-header-display":"","ast-hfb-above-header-display":"","ast-hfb-below-header-display":"","ast-hfb-mobile-header-display":"","site-post-title":"disabled","ast-breadcrumbs-content":"disabled","ast-featured-img":"disabled","footer-sml-layout":"","theme-transparent-header-meta":"enabled","adv-header-id-meta":"","stick-header-meta":"","header-above-stick-meta":"","header-main-stick-meta":"","header-below-stick-meta":"","footnotes":""},"class_list":["post-13","page","type-page","status-publish","hentry"],"_links":{"self":[{"href":"https:\/\/pabloandressancheznovoa.com\/index.php\/wp-json\/wp\/v2\/pages\/13","targetHints":{"allow":["GET"]}}],"collection":[{"href":"https:\/\/pabloandressancheznovoa.com\/index.php\/wp-json\/wp\/v2\/pages"}],"about":[{"href":"https:\/\/pabloandressancheznovoa.com\/index.php\/wp-json\/wp\/v2\/types\/page"}],"author":[{"embeddable":true,"href":"https:\/\/pabloandressancheznovoa.com\/index.php\/wp-json\/wp\/v2\/users\/1"}],"replies":[{"embeddable":true,"href":"https:\/\/pabloandressancheznovoa.com\/index.php\/wp-json\/wp\/v2\/comments?post=13"}],"version-history":[{"count":6,"href":"https:\/\/pabloandressancheznovoa.com\/index.php\/wp-json\/wp\/v2\/pages\/13\/revisions"}],"predecessor-version":[{"id":1620,"href":"https:\/\/pabloandressancheznovoa.com\/index.php\/wp-json\/wp\/v2\/pages\/13\/revisions\/1620"}],"wp:attachment":[{"href":"https:\/\/pabloandressancheznovoa.com\/index.php\/wp-json\/wp\/v2\/media?parent=13"}],"curies":[{"name":"wp","href":"https:\/\/api.w.org\/{rel}","templated":true}]}}